{"id":445,"date":"2024-11-30T14:01:56","date_gmt":"2024-11-30T14:01:56","guid":{"rendered":"https:\/\/spc-petruleum.com\/?page_id=445"},"modified":"2025-05-06T11:09:44","modified_gmt":"2025-05-06T11:09:44","slug":"about-us","status":"publish","type":"page","link":"https:\/\/sapphirepetroleum.com\/tr\/about-us\/","title":{"rendered":"Hakk\u0131m\u0131zda"},"content":{"rendered":"\t\t<div data-elementor-type=\"wp-page\" data-elementor-id=\"445\" class=\"elementor elementor-445\" data-elementor-post-type=\"page\">\n\t\t\t\t<div data-dce-background-image-url=\"https:\/\/sapphirepetroleum.com\/wp-content\/uploads\/2024\/12\/Aboutus_backgound-1.jpg\" class=\"elementor-element elementor-element-f653ea2 e-con-full bgspeed e-flex e-con e-parent\" data-id=\"f653ea2\" data-element_type=\"container\" id=\"bgspeed\" data-settings=\"{&quot;background_background&quot;:&quot;classic&quot;}\">\n\t\t\t\t<div class=\"elementor-element elementor-element-5bf4a13 elementor-widget elementor-widget-heading\" data-id=\"5bf4a13\" data-element_type=\"widget\" data-widget_type=\"heading.default\">\n\t\t\t\t<div class=\"elementor-widget-container\">\n\t\t\t\t\t<h2 class=\"elementor-heading-title elementor-size-default\">Hakk\u0131m\u0131zda<\/h2>\t\t\t\t<\/div>\n\t\t\t\t<\/div>\n\t\t\t\t<\/div>\n\t\t<div class=\"elementor-element elementor-element-6065aa1 e-con-full e-flex e-con e-parent\" data-id=\"6065aa1\" data-element_type=\"container\">\n\t\t<div class=\"elementor-element elementor-element-3e97bff e-con-full e-flex e-con e-child\" data-id=\"3e97bff\" data-element_type=\"container\">\n\t\t\t\t<div class=\"elementor-element elementor-element-844b535 elementor-widget elementor-widget-heading\" data-id=\"844b535\" data-element_type=\"widget\" data-widget_type=\"heading.default\">\n\t\t\t\t<div class=\"elementor-widget-container\">\n\t\t\t\t\t<h2 class=\"elementor-heading-title elementor-size-default\">Sapphire Petroleum \u015eirketi<br>\u0130\u015f Geli\u015ftirme Ge\u00e7mi\u015fi<\/h2>\t\t\t\t<\/div>\n\t\t\t\t<\/div>\n\t\t\t\t<\/div>\n\t\t<div class=\"elementor-element elementor-element-10066f7 e-con-full e-flex e-con e-child\" data-id=\"10066f7\" data-element_type=\"container\">\n\t\t\t\t<div class=\"elementor-element elementor-element-914f6ea elementor-widget elementor-widget-tp-timeline\" data-id=\"914f6ea\" data-element_type=\"widget\" data-widget_type=\"tp-timeline.default\">\n\t\t\t\t<div class=\"elementor-widget-container\">\n\t\t\t\t\t<div id=\"pt_plus_timeline\" class=\"pt-plus-timeline-list  layout-both   timeline-center-align timeline6a096dbd2bc9d timeline-style-2 \" data-id=\"timeline6a096dbd2bc9d\" data-masonry-type=\"no\"><div class=\"post-inner-loop arrow-style-1\"><div class=\"timeline-track  \"><\/div><div class=\"timeline-track timeline-track-draw  \"><\/div><div class=\"timeline--icon\"><div class=\"timeline-beginning-icon\"><i class=\" fa fa-angle-double-down\" ><\/i><\/div><\/div><div class=\"grid-item timeline-item-wrap elementor-repeater-item-739cc39 timeline-left-content  text-pin-position-top\"  >\r\n\t\t\t\t\t\t<div class=\"timeline-inner-block timeline-transition\">\r\n\t\t\t\t\t\t\t<div class=\"timeline-item text-left \" >\r\n\t\t\t\t\t\t\t\t<div class=\"timeline-item-content timeline-transition text-left \"><div class=\"timeline-tl-before timeline-transition\"><\/div><h3 class=\"timeline-item-heading timeline-transition\">2008<\/h3><div class=\"border-bottom text-left\"><hr\/><\/div><div class=\"timeline-content-image\"><\/div><div class=\"timeline-item-description timeline-transition\"><p>Rafineri ekipmanlar\u0131 sa\u011flad\u0131 ve bir rafineri projesinin in\u015fas\u0131 ve tamamlanmas\u0131 i\u00e7in bir y\u00f6netim ekibi olu\u015fturdu.<\/p><\/div><\/div><\/div><div class=\"point-icon style-1\"> <div class=\"timeline-tooltip-wrap\"><div class=\"timeline-point-icon\"> <div class=\"timeline-pin-icon\"><svg aria-hidden=\"true\" class=\"e-font-icon-svg e-far-building\" viewBox=\"0 0 448 512\" xmlns=\"http:\/\/www.w3.org\/2000\/svg\"><path d=\"M128 148v-40c0-6.6 5.4-12 12-12h40c6.6 0 12 5.4 12 12v40c0 6.6-5.4 12-12 12h-40c-6.6 0-12-5.4-12-12zm140 12h40c6.6 0 12-5.4 12-12v-40c0-6.6-5.4-12-12-12h-40c-6.6 0-12 5.4-12 12v40c0 6.6 5.4 12 12 12zm-128 96h40c6.6 0 12-5.4 12-12v-40c0-6.6-5.4-12-12-12h-40c-6.6 0-12 5.4-12 12v40c0 6.6 5.4 12 12 12zm128 0h40c6.6 0 12-5.4 12-12v-40c0-6.6-5.4-12-12-12h-40c-6.6 0-12 5.4-12 12v40c0 6.6 5.4 12 12 12zm-76 84v-40c0-6.6-5.4-12-12-12h-40c-6.6 0-12 5.4-12 12v40c0 6.6 5.4 12 12 12h40c6.6 0 12-5.4 12-12zm76 12h40c6.6 0 12-5.4 12-12v-40c0-6.6-5.4-12-12-12h-40c-6.6 0-12 5.4-12 12v40c0 6.6 5.4 12 12 12zm180 124v36H0v-36c0-6.6 5.4-12 12-12h19.5V24c0-13.3 10.7-24 24-24h337c13.3 0 24 10.7 24 24v440H436c6.6 0 12 5.4 12 12zM79.5 463H192v-67c0-6.6 5.4-12 12-12h40c6.6 0 12 5.4 12 12v67h112.5V49L80 48l-.5 415z\"><\/path><\/svg><\/div><\/div><\/div>  <\/div> <\/div> <\/div><div class=\"grid-item timeline-item-wrap elementor-repeater-item-e0ef0c0 timeline-right-content  text-pin-position-top\"  >\r\n\t\t\t\t\t\t<div class=\"timeline-inner-block timeline-transition\">\r\n\t\t\t\t\t\t\t<div class=\"timeline-item text-left \" >\r\n\t\t\t\t\t\t\t\t<div class=\"timeline-item-content timeline-transition text-left \"><div class=\"timeline-tl-before timeline-transition\"><\/div><h3 class=\"timeline-item-heading timeline-transition\">2017<\/h3><div class=\"border-bottom text-left\"><hr\/><\/div><div class=\"timeline-content-image\"><\/div><div class=\"timeline-item-description timeline-transition\"><p>T\u00fcrkiye'de in\u015faat sekt\u00f6r\u00fc alan\u0131nda operasyonlar\u0131 kurdu ve ba\u015flatt\u0131.<\/p><\/div><\/div><\/div><div class=\"point-icon style-1\"> <div class=\"timeline-tooltip-wrap\"><div class=\"timeline-point-icon\"> <div class=\"timeline-pin-icon\"><svg aria-hidden=\"true\" class=\"e-font-icon-svg e-fas-school\" viewBox=\"0 0 640 512\" xmlns=\"http:\/\/www.w3.org\/2000\/svg\"><path d=\"M0 224v272c0 8.84 7.16 16 16 16h80V192H32c-17.67 0-32 14.33-32 32zm360-48h-24v-40c0-4.42-3.58-8-8-8h-16c-4.42 0-8 3.58-8 8v64c0 4.42 3.58 8 8 8h48c4.42 0 8-3.58 8-8v-16c0-4.42-3.58-8-8-8zm137.75-63.96l-160-106.67a32.02 32.02 0 0 0-35.5 0l-160 106.67A32.002 32.002 0 0 0 128 138.66V512h128V368c0-8.84 7.16-16 16-16h96c8.84 0 16 7.16 16 16v144h128V138.67c0-10.7-5.35-20.7-14.25-26.63zM320 256c-44.18 0-80-35.82-80-80s35.82-80 80-80 80 35.82 80 80-35.82 80-80 80zm288-64h-64v320h80c8.84 0 16-7.16 16-16V224c0-17.67-14.33-32-32-32z\"><\/path><\/svg><\/div><\/div><\/div>  <\/div> <\/div> <\/div><div class=\"grid-item timeline-item-wrap elementor-repeater-item-9b13805 timeline-left-content  text-pin-position-top\"  >\r\n\t\t\t\t\t\t<div class=\"timeline-inner-block timeline-transition\">\r\n\t\t\t\t\t\t\t<div class=\"timeline-item text-left \" >\r\n\t\t\t\t\t\t\t\t<div class=\"timeline-item-content timeline-transition text-left \"><div class=\"timeline-tl-before timeline-transition\"><\/div><h3 class=\"timeline-item-heading timeline-transition\">2019<\/h3><div class=\"border-bottom text-left\"><hr\/><\/div><div class=\"timeline-content-image\"><\/div><div class=\"timeline-item-description timeline-transition\"><p>Hollanda ve BAE'de tanktan-tanka (TTT) transferleri i\u00e7in TSA anla\u015fmalar\u0131n\u0131 g\u00fcvence alt\u0131na almay\u0131 da i\u00e7eren, yetenekli bir i\u015f g\u00fcc\u00fcyle desteklenen petrol \u00fcr\u00fcn\u00fc transfer hizmetlerini tan\u0131tt\u0131.<\/p><\/div><\/div><\/div><div class=\"point-icon style-1\"> <div class=\"timeline-tooltip-wrap\"><div class=\"timeline-point-icon\"> <div class=\"timeline-pin-icon\"><svg aria-hidden=\"true\" class=\"e-font-icon-svg e-fas-globe-americas\" viewBox=\"0 0 496 512\" xmlns=\"http:\/\/www.w3.org\/2000\/svg\"><path d=\"M248 8C111.03 8 0 119.03 0 256s111.03 248 248 248 248-111.03 248-248S384.97 8 248 8zm82.29 357.6c-3.9 3.88-7.99 7.95-11.31 11.28-2.99 3-5.1 6.7-6.17 10.71-1.51 5.66-2.73 11.38-4.77 16.87l-17.39 46.85c-13.76 3-28 4.69-42.65 4.69v-27.38c1.69-12.62-7.64-36.26-22.63-51.25-6-6-9.37-14.14-9.37-22.63v-32.01c0-11.64-6.27-22.34-16.46-27.97-14.37-7.95-34.81-19.06-48.81-26.11-11.48-5.78-22.1-13.14-31.65-21.75l-.8-.72a114.792 114.792 0 0 1-18.06-20.74c-9.38-13.77-24.66-36.42-34.59-51.14 20.47-45.5 57.36-82.04 103.2-101.89l24.01 12.01C203.48 89.74 216 82.01 216 70.11v-11.3c7.99-1.29 16.12-2.11 24.39-2.42l28.3 28.3c6.25 6.25 6.25 16.38 0 22.63L264 112l-10.34 10.34c-3.12 3.12-3.12 8.19 0 11.31l4.69 4.69c3.12 3.12 3.12 8.19 0 11.31l-8 8a8.008 8.008 0 0 1-5.66 2.34h-8.99c-2.08 0-4.08.81-5.58 2.27l-9.92 9.65a8.008 8.008 0 0 0-1.58 9.31l15.59 31.19c2.66 5.32-1.21 11.58-7.15 11.58h-5.64c-1.93 0-3.79-.7-5.24-1.96l-9.28-8.06a16.017 16.017 0 0 0-15.55-3.1l-31.17 10.39a11.95 11.95 0 0 0-8.17 11.34c0 4.53 2.56 8.66 6.61 10.69l11.08 5.54c9.41 4.71 19.79 7.16 30.31 7.16s22.59 27.29 32 32h66.75c8.49 0 16.62 3.37 22.63 9.37l13.69 13.69a30.503 30.503 0 0 1 8.93 21.57 46.536 46.536 0 0 1-13.72 32.98zM417 274.25c-5.79-1.45-10.84-5-14.15-9.97l-17.98-26.97a23.97 23.97 0 0 1 0-26.62l19.59-29.38c2.32-3.47 5.5-6.29 9.24-8.15l12.98-6.49C440.2 193.59 448 223.87 448 256c0 8.67-.74 17.16-1.82 25.54L417 274.25z\"><\/path><\/svg><\/div><\/div><\/div>  <\/div> <\/div> <\/div><div class=\"grid-item timeline-item-wrap elementor-repeater-item-1ab1a22 timeline-right-content  text-pin-position-top\"  >\r\n\t\t\t\t\t\t<div class=\"timeline-inner-block timeline-transition\">\r\n\t\t\t\t\t\t\t<div class=\"timeline-item text-left \" >\r\n\t\t\t\t\t\t\t\t<div class=\"timeline-item-content timeline-transition text-left \"><div class=\"timeline-tl-before timeline-transition\"><\/div><h3 class=\"timeline-item-heading timeline-transition\">2020<\/h3><div class=\"border-bottom text-left\"><hr\/><\/div><div class=\"timeline-content-image\"><\/div><div class=\"timeline-item-description timeline-transition\"><p>Petrol t\u00fcrevleri, hafif ham petrol, dizel, benzin ve jet yak\u0131t\u0131 gibi \u00fcr\u00fcnleri temin ederek petrol end\u00fcstrisine girdi.<\/p><\/div><\/div><\/div><div class=\"point-icon style-1\"> <div class=\"timeline-tooltip-wrap\"><div class=\"timeline-point-icon\"> <div class=\"timeline-pin-icon\"><svg aria-hidden=\"true\" class=\"e-font-icon-svg e-fas-shield-alt\" viewBox=\"0 0 512 512\" xmlns=\"http:\/\/www.w3.org\/2000\/svg\"><path d=\"M466.5 83.7l-192-80a48.15 48.15 0 0 0-36.9 0l-192 80C27.7 91.1 16 108.6 16 128c0 198.5 114.5 335.7 221.5 380.3 11.8 4.9 25.1 4.9 36.9 0C360.1 472.6 496 349.3 496 128c0-19.4-11.7-36.9-29.5-44.3zM256.1 446.3l-.1-381 175.9 73.3c-3.3 151.4-82.1 261.1-175.8 307.7z\"><\/path><\/svg><\/div><\/div><\/div>  <\/div> <\/div> <\/div><div class=\"grid-item timeline-item-wrap elementor-repeater-item-5c4f5bc timeline-left-content  text-pin-position-top\"  >\r\n\t\t\t\t\t\t<div class=\"timeline-inner-block timeline-transition\">\r\n\t\t\t\t\t\t\t<div class=\"timeline-item text-left \" >\r\n\t\t\t\t\t\t\t\t<div class=\"timeline-item-content timeline-transition text-left \"><div class=\"timeline-tl-before timeline-transition\"><\/div><h3 class=\"timeline-item-heading timeline-transition\">2022<\/h3><div class=\"border-bottom text-left\"><hr\/><\/div><div class=\"timeline-content-image\"><\/div><div class=\"timeline-item-description timeline-transition\"><p>Polimerler, bit\u00fcm ve \u00fcre gibi \u00fcr\u00fcnler sunarak, petrol t\u00fcrevleri ve rafineri sekt\u00f6r\u00fcne geni\u015fledi.<\/p><\/div><\/div><\/div><div class=\"point-icon style-1\"> <div class=\"timeline-tooltip-wrap\"><div class=\"timeline-point-icon\"> <div class=\"timeline-pin-icon\"><svg aria-hidden=\"true\" class=\"e-font-icon-svg e-fas-tint\" viewBox=\"0 0 352 512\" xmlns=\"http:\/\/www.w3.org\/2000\/svg\"><path d=\"M205.22 22.09c-7.94-28.78-49.44-30.12-58.44 0C100.01 179.85 0 222.72 0 333.91 0 432.35 78.72 512 176 512s176-79.65 176-178.09c0-111.75-99.79-153.34-146.78-311.82zM176 448c-61.75 0-112-50.25-112-112 0-8.84 7.16-16 16-16s16 7.16 16 16c0 44.11 35.89 80 80 80 8.84 0 16 7.16 16 16s-7.16 16-16 16z\"><\/path><\/svg><\/div><\/div><\/div>  <\/div> <\/div> <\/div><div class=\"timeline--icon\"><div class=\"timeline-end-icon\"><i class=\" fa fa-stop-circle\" ><\/i><\/div><\/div><\/div><\/div>\t\t\t\t<\/div>\n\t\t\t\t<\/div>\n\t\t\t\t<\/div>\n\t\t\t\t<\/div>\n\t\t<div class=\"elementor-element elementor-element-f8734c7 e-con-full e-flex e-con e-parent\" data-id=\"f8734c7\" data-element_type=\"container\">\n\t\t<div class=\"elementor-element elementor-element-19e1bc9 e-con-full e-flex e-con e-child\" data-id=\"19e1bc9\" data-element_type=\"container\">\n\t\t<div class=\"elementor-element elementor-element-9a49eae e-con-full e-flex e-con e-child\" data-id=\"9a49eae\" data-element_type=\"container\">\n\t\t\t\t<div class=\"elementor-element elementor-element-f313169 elementor-widget-tablet__width-inherit elementor-widget elementor-widget-text-editor\" data-id=\"f313169\" data-element_type=\"widget\" data-widget_type=\"text-editor.default\">\n\t\t\t\t<div class=\"elementor-widget-container\">\n\t\t\t\t\t\t\t\t\t<p data-pm-slice=\"1 1 []\">Bizim \u0130\u015fimiz<\/p><p>Genel Bak\u0131\u015f<\/p>\t\t\t\t\t\t\t\t<\/div>\n\t\t\t\t<\/div>\n\t\t\t\t<\/div>\n\t\t<div class=\"elementor-element elementor-element-896753f e-con-full e-flex e-con e-child\" data-id=\"896753f\" data-element_type=\"container\">\n\t\t\t\t<div class=\"elementor-element elementor-element-14e95e9 elementor-widget elementor-widget-text-editor\" data-id=\"14e95e9\" data-element_type=\"widget\" data-widget_type=\"text-editor.default\">\n\t\t\t\t<div class=\"elementor-widget-container\">\n\t\t\t\t\t\t\t\t\t<p data-pm-slice=\"0 0 []\">Petrokimya end\u00fcstrisindeki yolculu\u011fumuz, rafineri ekipmanlar\u0131 temin ederek ve yetenekli bir y\u00f6netim ekibi kurarak ba\u015flad\u0131, k\u0131sa s\u00fcre i\u00e7inde sekt\u00f6r liderleri aras\u0131nda tan\u0131nmaya ba\u015flad\u0131k.<\/p><p>Hizmetlerimizi geni\u015fleterek, T\u00fcrkiye&#8217;nin in\u015faat sekt\u00f6r\u00fcne ad\u0131m att\u0131k ve sekt\u00f6rdeki m\u00fc\u015fteriler i\u00e7in g\u00fcvenilir bir i\u015f orta\u011f\u0131 olarak kendimizi konumland\u0131rd\u0131k.<\/p><p>B\u00fcy\u00fcmeyi desteklemek amac\u0131yla, ham petrol, dizel, benzin ve jet yak\u0131t\u0131 gibi \u00fcr\u00fcnlere odaklanan bir sat\u0131\u015f b\u00f6l\u00fcm\u00fc kurduk. Hizmetlerimiz aras\u0131nda TSA hizmetleri ve tanktan-tanka (TTT) transferleri bulunmakta olup, deneyimli bir ekip taraf\u0131ndan desteklenen kesintisiz operasyonlar sa\u011fl\u0131yoruz.<\/p><p>K\u00fcresel talebe yan\u0131t olarak, portf\u00f6y\u00fcm\u00fcz\u00fc polimerler ve bit\u00fcm ile \u00fcre gibi kimyasal \u00fcr\u00fcnlerle geni\u015flettik. Ba\u015far\u0131n\u0131za olan ba\u011fl\u0131l\u0131\u011f\u0131m\u0131zla, i\u015f ihtiya\u00e7lar\u0131n\u0131za y\u00f6nelik g\u00fcvenli ve g\u00fcvenilir \u00e7\u00f6z\u00fcmler sunuyoruz.<\/p>\t\t\t\t\t\t\t\t<\/div>\n\t\t\t\t<\/div>\n\t\t\t\t<\/div>\n\t\t\t\t<\/div>\n\t\t\t\t<\/div>\n\t\t\t\t<\/div>\n\t\t","protected":false},"excerpt":{"rendered":"<p>Sapphire Petroleum \u015eirketi\u0130\u015f Geli\u015ftirme Ge\u00e7mi\u015fi 2008 Rafineri ekipmanlar\u0131 sa\u011flad\u0131 ve bir rafineri projesinin in\u015fas\u0131 ve tamamlanmas\u0131 i\u00e7in bir y\u00f6netim ekibi olu\u015fturdu. 2017 T\u00fcrkiye&#8217;de in\u015faat sekt\u00f6r\u00fc alan\u0131nda operasyonlar\u0131 kurdu ve ba\u015flatt\u0131. 2019 Hollanda ve BAE&#8217;de tanktan-tanka (TTT) transferleri i\u00e7in TSA anla\u015fmalar\u0131n\u0131 g\u00fcvence alt\u0131na almay\u0131 da i\u00e7eren, yetenekli bir i\u015f g\u00fcc\u00fcyle desteklenen petrol \u00fcr\u00fcn\u00fc transfer hizmetlerini tan\u0131tt\u0131. [&hellip;]<\/p>\n","protected":false},"author":1,"featured_media":0,"parent":0,"menu_order":0,"comment_status":"closed","ping_status":"closed","template":"","meta":{"_acf_changed":false,"footnotes":""},"class_list":["post-445","page","type-page","status-publish","hentry"],"acf":[],"_links":{"self":[{"href":"https:\/\/sapphirepetroleum.com\/tr\/wp-json\/wp\/v2\/pages\/445","targetHints":{"allow":["GET"]}}],"collection":[{"href":"https:\/\/sapphirepetroleum.com\/tr\/wp-json\/wp\/v2\/pages"}],"about":[{"href":"https:\/\/sapphirepetroleum.com\/tr\/wp-json\/wp\/v2\/types\/page"}],"author":[{"embeddable":true,"href":"https:\/\/sapphirepetroleum.com\/tr\/wp-json\/wp\/v2\/users\/1"}],"replies":[{"embeddable":true,"href":"https:\/\/sapphirepetroleum.com\/tr\/wp-json\/wp\/v2\/comments?post=445"}],"version-history":[{"count":77,"href":"https:\/\/sapphirepetroleum.com\/tr\/wp-json\/wp\/v2\/pages\/445\/revisions"}],"predecessor-version":[{"id":2432,"href":"https:\/\/sapphirepetroleum.com\/tr\/wp-json\/wp\/v2\/pages\/445\/revisions\/2432"}],"wp:attachment":[{"href":"https:\/\/sapphirepetroleum.com\/tr\/wp-json\/wp\/v2\/media?parent=445"}],"curies":[{"name":"wp","href":"https:\/\/api.w.org\/{rel}","templated":true}]}}